{"id":694,"date":"2022-04-29T10:44:42","date_gmt":"2022-04-29T08:44:42","guid":{"rendered":"https:\/\/wojtera.pl\/soldering-welding\/"},"modified":"2025-04-17T11:50:29","modified_gmt":"2025-04-17T09:50:29","slug":"soldering-welding","status":"publish","type":"page","link":"https:\/\/wojtera.pl\/en\/our-services\/soldering-welding\/","title":{"rendered":"Soldering, welding"},"content":{"rendered":"","protected":false},"excerpt":{"rendered":"","protected":false},"author":4,"featured_media":0,"parent":738,"menu_order":0,"comment_status":"closed","ping_status":"closed","template":"","meta":{"footnotes":""},"class_list":["post-694","page","type-page","status-publish","hentry"],"yoast_head":"<!-- This site is optimized with the Yoast SEO plugin v27.1.1 - https:\/\/yoast.com\/product\/yoast-seo-wordpress\/ -->\n<title>Soldering, welding - Produkujemy podzespo\u0142y, cz\u0119\u015bci i elementy do generator\u00f3w, silnik\u00f3w i transformator\u00f3w<\/title>\n<meta name=\"robots\" content=\"index, follow, max-snippet:-1, max-image-preview:large, max-video-preview:-1\" \/>\n<link rel=\"canonical\" href=\"https:\/\/wojtera.pl\/en\/our-services\/soldering-welding\/\" \/>\n<meta property=\"og:locale\" content=\"en_US\" \/>\n<meta property=\"og:type\" content=\"article\" \/>\n<meta property=\"og:title\" content=\"Soldering, welding - Produkujemy podzespo\u0142y, cz\u0119\u015bci i elementy do generator\u00f3w, silnik\u00f3w i transformator\u00f3w\" \/>\n<meta property=\"og:url\" content=\"https:\/\/wojtera.pl\/en\/our-services\/soldering-welding\/\" \/>\n<meta property=\"og:site_name\" content=\"Produkujemy podzespo\u0142y, cz\u0119\u015bci i elementy do generator\u00f3w, silnik\u00f3w i transformator\u00f3w\" \/>\n<meta property=\"article:modified_time\" content=\"2025-04-17T09:50:29+00:00\" \/>\n<meta name=\"twitter:card\" content=\"summary_large_image\" \/>\n<script type=\"application\/ld+json\" class=\"yoast-schema-graph\">{\"@context\":\"https:\/\/schema.org\",\"@graph\":[{\"@type\":\"WebPage\",\"@id\":\"https:\/\/wojtera.pl\/en\/our-services\/soldering-welding\/\",\"url\":\"https:\/\/wojtera.pl\/en\/our-services\/soldering-welding\/\",\"name\":\"Soldering, welding - Produkujemy podzespo\u0142y, cz\u0119\u015bci i elementy do generator\u00f3w, silnik\u00f3w i transformator\u00f3w\",\"isPartOf\":{\"@id\":\"https:\/\/wojtera.pl\/en\/#website\"},\"datePublished\":\"2022-04-29T08:44:42+00:00\",\"dateModified\":\"2025-04-17T09:50:29+00:00\",\"breadcrumb\":{\"@id\":\"https:\/\/wojtera.pl\/en\/our-services\/soldering-welding\/#breadcrumb\"},\"inLanguage\":\"en-US\",\"potentialAction\":[{\"@type\":\"ReadAction\",\"target\":[\"https:\/\/wojtera.pl\/en\/our-services\/soldering-welding\/\"]}]},{\"@type\":\"BreadcrumbList\",\"@id\":\"https:\/\/wojtera.pl\/en\/our-services\/soldering-welding\/#breadcrumb\",\"itemListElement\":[{\"@type\":\"ListItem\",\"position\":1,\"name\":\"Our services\",\"item\":\"https:\/\/wojtera.pl\/en\/our-services\/\"},{\"@type\":\"ListItem\",\"position\":2,\"name\":\"Soldering, welding\"}]},{\"@type\":\"WebSite\",\"@id\":\"https:\/\/wojtera.pl\/en\/#website\",\"url\":\"https:\/\/wojtera.pl\/en\/\",\"name\":\"Produkujemy podzespo\u0142y, cz\u0119\u015bci i elementy do generator\u00f3w, silnik\u00f3w i transformator\u00f3w\",\"description\":\"W produkcji wykorzystujemy wy\u0142\u0105cznie materia\u0142y certyfikowane, a elementy z nich wykonywane podlegaj\u0105 kontroli\",\"publisher\":{\"@id\":\"https:\/\/wojtera.pl\/en\/#organization\"},\"potentialAction\":[{\"@type\":\"SearchAction\",\"target\":{\"@type\":\"EntryPoint\",\"urlTemplate\":\"https:\/\/wojtera.pl\/en\/?s={search_term_string}\"},\"query-input\":{\"@type\":\"PropertyValueSpecification\",\"valueRequired\":true,\"valueName\":\"search_term_string\"}}],\"inLanguage\":\"en-US\"},{\"@type\":\"Organization\",\"@id\":\"https:\/\/wojtera.pl\/en\/#organization\",\"name\":\"PPU Marek Wojtera\",\"url\":\"https:\/\/wojtera.pl\/en\/\",\"logo\":{\"@type\":\"ImageObject\",\"inLanguage\":\"en-US\",\"@id\":\"https:\/\/wojtera.pl\/en\/#\/schema\/logo\/image\/\",\"url\":\"https:\/\/wojtera.pl\/wp-content\/uploads\/2022\/04\/logo_retina-1.webp\",\"contentUrl\":\"https:\/\/wojtera.pl\/wp-content\/uploads\/2022\/04\/logo_retina-1.webp\",\"width\":298,\"height\":200,\"caption\":\"PPU Marek Wojtera\"},\"image\":{\"@id\":\"https:\/\/wojtera.pl\/en\/#\/schema\/logo\/image\/\"}}]}<\/script>\n<!-- \/ Yoast SEO plugin. -->","yoast_head_json":{"title":"Soldering, welding - Produkujemy podzespo\u0142y, cz\u0119\u015bci i elementy do generator\u00f3w, silnik\u00f3w i transformator\u00f3w","robots":{"index":"index","follow":"follow","max-snippet":"max-snippet:-1","max-image-preview":"max-image-preview:large","max-video-preview":"max-video-preview:-1"},"canonical":"https:\/\/wojtera.pl\/en\/our-services\/soldering-welding\/","og_locale":"en_US","og_type":"article","og_title":"Soldering, welding - Produkujemy podzespo\u0142y, cz\u0119\u015bci i elementy do generator\u00f3w, silnik\u00f3w i transformator\u00f3w","og_url":"https:\/\/wojtera.pl\/en\/our-services\/soldering-welding\/","og_site_name":"Produkujemy podzespo\u0142y, cz\u0119\u015bci i elementy do generator\u00f3w, silnik\u00f3w i transformator\u00f3w","article_modified_time":"2025-04-17T09:50:29+00:00","twitter_card":"summary_large_image","schema":{"@context":"https:\/\/schema.org","@graph":[{"@type":"WebPage","@id":"https:\/\/wojtera.pl\/en\/our-services\/soldering-welding\/","url":"https:\/\/wojtera.pl\/en\/our-services\/soldering-welding\/","name":"Soldering, welding - Produkujemy podzespo\u0142y, cz\u0119\u015bci i elementy do generator\u00f3w, silnik\u00f3w i transformator\u00f3w","isPartOf":{"@id":"https:\/\/wojtera.pl\/en\/#website"},"datePublished":"2022-04-29T08:44:42+00:00","dateModified":"2025-04-17T09:50:29+00:00","breadcrumb":{"@id":"https:\/\/wojtera.pl\/en\/our-services\/soldering-welding\/#breadcrumb"},"inLanguage":"en-US","potentialAction":[{"@type":"ReadAction","target":["https:\/\/wojtera.pl\/en\/our-services\/soldering-welding\/"]}]},{"@type":"BreadcrumbList","@id":"https:\/\/wojtera.pl\/en\/our-services\/soldering-welding\/#breadcrumb","itemListElement":[{"@type":"ListItem","position":1,"name":"Our services","item":"https:\/\/wojtera.pl\/en\/our-services\/"},{"@type":"ListItem","position":2,"name":"Soldering, welding"}]},{"@type":"WebSite","@id":"https:\/\/wojtera.pl\/en\/#website","url":"https:\/\/wojtera.pl\/en\/","name":"Produkujemy podzespo\u0142y, cz\u0119\u015bci i elementy do generator\u00f3w, silnik\u00f3w i transformator\u00f3w","description":"W produkcji wykorzystujemy wy\u0142\u0105cznie materia\u0142y certyfikowane, a elementy z nich wykonywane podlegaj\u0105 kontroli","publisher":{"@id":"https:\/\/wojtera.pl\/en\/#organization"},"potentialAction":[{"@type":"SearchAction","target":{"@type":"EntryPoint","urlTemplate":"https:\/\/wojtera.pl\/en\/?s={search_term_string}"},"query-input":{"@type":"PropertyValueSpecification","valueRequired":true,"valueName":"search_term_string"}}],"inLanguage":"en-US"},{"@type":"Organization","@id":"https:\/\/wojtera.pl\/en\/#organization","name":"PPU Marek Wojtera","url":"https:\/\/wojtera.pl\/en\/","logo":{"@type":"ImageObject","inLanguage":"en-US","@id":"https:\/\/wojtera.pl\/en\/#\/schema\/logo\/image\/","url":"https:\/\/wojtera.pl\/wp-content\/uploads\/2022\/04\/logo_retina-1.webp","contentUrl":"https:\/\/wojtera.pl\/wp-content\/uploads\/2022\/04\/logo_retina-1.webp","width":298,"height":200,"caption":"PPU Marek Wojtera"},"image":{"@id":"https:\/\/wojtera.pl\/en\/#\/schema\/logo\/image\/"}}]}},"_links":{"self":[{"href":"https:\/\/wojtera.pl\/en\/wp-json\/wp\/v2\/pages\/694","targetHints":{"allow":["GET"]}}],"collection":[{"href":"https:\/\/wojtera.pl\/en\/wp-json\/wp\/v2\/pages"}],"about":[{"href":"https:\/\/wojtera.pl\/en\/wp-json\/wp\/v2\/types\/page"}],"author":[{"embeddable":true,"href":"https:\/\/wojtera.pl\/en\/wp-json\/wp\/v2\/users\/4"}],"replies":[{"embeddable":true,"href":"https:\/\/wojtera.pl\/en\/wp-json\/wp\/v2\/comments?post=694"}],"version-history":[{"count":1,"href":"https:\/\/wojtera.pl\/en\/wp-json\/wp\/v2\/pages\/694\/revisions"}],"predecessor-version":[{"id":696,"href":"https:\/\/wojtera.pl\/en\/wp-json\/wp\/v2\/pages\/694\/revisions\/696"}],"up":[{"embeddable":true,"href":"https:\/\/wojtera.pl\/en\/wp-json\/wp\/v2\/pages\/738"}],"wp:attachment":[{"href":"https:\/\/wojtera.pl\/en\/wp-json\/wp\/v2\/media?parent=694"}],"curies":[{"name":"wp","href":"https:\/\/api.w.org\/{rel}","templated":true}]}}